{"id":93,"date":"2019-06-21T17:05:49","date_gmt":"2019-06-21T17:05:49","guid":{"rendered":"https:\/\/vflor.org\/contactos\/"},"modified":"2024-07-20T10:54:08","modified_gmt":"2024-07-20T10:54:08","slug":"contact-amvf","status":"publish","type":"page","link":"https:\/\/amvf.org\/en\/contact-amvf\/","title":{"rendered":"Contacts"},"content":{"rendered":"<div class=\"wpb-content-wrapper\"><p>[vc_row css_animation=&#8221;&#8221; row_type=&#8221;row&#8221; use_row_as_full_screen_section=&#8221;no&#8221; type=&#8221;full_width&#8221; angled_section=&#8221;no&#8221; text_align=&#8221;left&#8221; background_image_as_pattern=&#8221;without_pattern&#8221; el_class=&#8221;conteudo&#8221; z_index=&#8221;&#8221; css=&#8221;.vc_custom_1559595895182{padding-bottom: 9% !important;}&#8221;][vc_column width=&#8221;1\/6&#8243;][vc_column_text]<\/p>\n<h1>Contacts<\/h1>\n<p>[\/vc_column_text][\/vc_column][vc_column width=&#8221;5\/12&#8243; css=&#8221;.vc_custom_1559495801387{padding-left: 35px !important;}&#8221;][vc_column_text]Contact us at the following address and phone:<\/p>\n<p>Rua do Crucifixo, 40 \u2013 1\u00ba andar<br \/>\n1100-183 Lisboa<br \/>\nTel.: <a href=\"tel:+351213256300\">+351 213 256 300<\/a><br \/>\n<a href=\"mailto:info@amvf.org\">info@amvf.org<\/a>[\/vc_column_text][\/vc_column][vc_column width=&#8221;5\/12&#8243;][vc_gmaps link=&#8221;#E-8_JTNDaWZyYW1lJTIwc3JjJTNEJTIyaHR0cHMlM0ElMkYlMkZ3d3cuZ29vZ2xlLmNvbSUyRm1hcHMlMkZlbWJlZCUzRnBiJTNEJTIxMW0xNCUyMTFtOCUyMTFtMyUyMTFkOTI1LjYwMjQ0MzE1MDU0NzElMjEyZC05LjEzODQzOTU1NTU5MTE5OCUyMTNkMzguNzA5OTMwOTU3NjM3OTUlMjEzbTIlMjExaTEwMjQlMjEyaTc2OCUyMTRmMTMuMSUyMTNtMyUyMTFtMiUyMTFzMHgwJTI1M0EweDQxOGJmNzIwNjVkODllOWYlMjEyelFVMVdSaUF0SUVGemMyOWphV0hEcDhPamJ5Qk5ZWEp4ZGNPcWN5QmtaU0JXWVd4c1pTQkdiTU8wY2clMjE1ZTAlMjEzbTIlMjExc3B0LVBUJTIxMnNwdCUyMTR2MTU2NDUxNDI1NjIzMSUyMTVtMiUyMTFzcHQtUFQlMjEyc3B0JTIyJTIwd2lkdGglM0QlMjI2MDAlMjIlMjBoZWlnaHQlM0QlMjI0NTAlMjIlMjBmcmFtZWJvcmRlciUzRCUyMjAlMjIlMjBzdHlsZSUzRCUyMmJvcmRlciUzQTAlMjIlMjBhbGxvd2Z1bGxzY3JlZW4lM0UlM0MlMkZpZnJhbWUlM0U=&#8221; size=&#8221;300&#8243;][\/vc_column][\/vc_row]<\/p>\n<\/div>","protected":false},"excerpt":{"rendered":"<p>[vc_row css_animation=&#8221;&#8221; row_type=&#8221;row&#8221; use_row_as_full_screen_section=&#8221;no&#8221; type=&#8221;full_width&#8221; angled_section=&#8221;no&#8221; text_align=&#8221;left&#8221; background_image_as_pattern=&#8221;without_pattern&#8221; el_class=&#8221;conteudo&#8221; z_index=&#8221;&#8221; css=&#8221;.vc_custom_1559595895182{padding-bottom: 9% !important;}&#8221;][vc_column width=&#8221;1\/6&#8243;][vc_column_text] Contacts [\/vc_column_text][\/vc_column][vc_column width=&#8221;5\/12&#8243; css=&#8221;.vc_custom_1559495801387{padding-left: 35px !important;}&#8221;][vc_column_text]Contact us at the following address and phone: Rua do Crucifixo, 40 \u2013 1\u00ba andar 1100-183 Lisboa Tel.: +351 213 256 300 info@amvf.org[\/vc_column_text][\/vc_column][vc_column width=&#8221;5\/12&#8243;][vc_gmaps link=&#8221;#E-8_JTNDaWZyYW1lJTIwc3JjJTNEJTIyaHR0cHMlM0ElMkYlMkZ3d3cuZ29vZ2xlLmNvbSUyRm1hcHMlMkZlbWJlZCUzRnBiJTNEJTIxMW0xNCUyMTFtOCUyMTFtMyUyMTFkOTI1LjYwMjQ0MzE1MDU0NzElMjEyZC05LjEzODQzOTU1NTU5MTE5OCUyMTNkMzguNzA5OTMwOTU3NjM3OTUlMjEzbTIlMjExaTEwMjQlMjEyaTc2OCUyMTRmMTMuMSUyMTNtMyUyMTFtMiUyMTFzMHgwJTI1M0EweDQxOGJmNzIwNjVkODllOWYlMjEyelFVMVdSaUF0SUVGemMyOWphV0hEcDhPamJ5Qk5ZWEp4ZGNPcWN5QmtaU0JXWVd4c1pTQkdiTU8wY2clMjE1ZTAlMjEzbTIlMjExc3B0LVBUJTIxMnNwdCUyMTR2MTU2NDUxNDI1NjIzMSUyMTVtMiUyMTFzcHQtUFQlMjEyc3B0JTIyJTIwd2lkdGglM0QlMjI2MDAlMjIlMjBoZWlnaHQlM0QlMjI0NTAlMjIlMjBmcmFtZWJvcmRlciUzRCUyMjAlMjIlMjBzdHlsZSUzRCUyMmJvcmRlciUzQTAlMjIlMjBhbGxvd2Z1bGxzY3JlZW4lM0UlM0MlMkZpZnJhbWUlM0U=&#8221; size=&#8221;300&#8243;][\/vc_column][\/vc_row]<\/p>\n","protected":false},"author":5,"featured_media":109,"parent":0,"menu_order":0,"comment_status":"closed","ping_status":"closed","template":"","meta":{"footnotes":""},"class_list":["post-93","page","type-page","status-publish","has-post-thumbnail","hentry"],"yoast_head":"<!-- This site is optimized with the Yoast SEO plugin v27.0 - https:\/\/yoast.com\/product\/yoast-seo-wordpress\/ -->\r\n<title>Contact AMVF | Associa\u00e7\u00e3o Marqu\u00eas Valle Fl\u00f4r<\/title>\r\n<meta name=\"description\" content=\"Please contact AMVF - Associa\u00e7\u00e3o Marqu\u00eas de Valle Fl\u00f4r for more information.\" \/>\r\n<meta name=\"robots\" content=\"index, follow, max-snippet:-1, max-image-preview:large, max-video-preview:-1\" \/>\r\n<link rel=\"canonical\" href=\"https:\/\/amvf.org\/en\/contact-amvf\/\" \/>\r\n<meta property=\"og:locale\" content=\"en_US\" \/>\r\n<meta property=\"og:type\" content=\"article\" \/>\r\n<meta property=\"og:title\" content=\"Contact AMVF | Associa\u00e7\u00e3o Marqu\u00eas Valle Fl\u00f4r\" \/>\r\n<meta property=\"og:description\" content=\"Please contact AMVF - Associa\u00e7\u00e3o Marqu\u00eas de Valle Fl\u00f4r for more information.\" \/>\r\n<meta property=\"og:url\" content=\"https:\/\/amvf.org\/en\/contact-amvf\/\" \/>\r\n<meta property=\"og:site_name\" content=\"AMVF - Associa\u00e7\u00e3o Marqu\u00eas de Valle Fl\u00f4r\" \/>\r\n<meta property=\"article:modified_time\" content=\"2024-07-20T10:54:08+00:00\" \/>\r\n<meta property=\"og:image\" content=\"https:\/\/amvf.org\/wp-content\/uploads\/2019\/06\/contactos-amvf.jpg\" \/>\r\n\t<meta property=\"og:image:width\" content=\"1920\" \/>\r\n\t<meta property=\"og:image:height\" content=\"500\" \/>\r\n\t<meta property=\"og:image:type\" content=\"image\/jpeg\" \/>\r\n<meta name=\"twitter:card\" content=\"summary_large_image\" \/>\r\n<meta name=\"twitter:label1\" content=\"Est. reading time\" \/>\n\t<meta name=\"twitter:data1\" content=\"1 minute\" \/>\r\n<script type=\"application\/ld+json\" class=\"yoast-schema-graph\">{\"@context\":\"https:\/\/schema.org\",\"@graph\":[{\"@type\":\"WebPage\",\"@id\":\"https:\/\/amvf.org\/en\/contact-amvf\/\",\"url\":\"https:\/\/amvf.org\/en\/contact-amvf\/\",\"name\":\"Contact AMVF | Associa\u00e7\u00e3o Marqu\u00eas Valle Fl\u00f4r\",\"isPartOf\":{\"@id\":\"https:\/\/amvf.org\/#website\"},\"primaryImageOfPage\":{\"@id\":\"https:\/\/amvf.org\/en\/contact-amvf\/#primaryimage\"},\"image\":{\"@id\":\"https:\/\/amvf.org\/en\/contact-amvf\/#primaryimage\"},\"thumbnailUrl\":\"https:\/\/amvf.org\/wp-content\/uploads\/2019\/06\/contactos-amvf.jpg\",\"datePublished\":\"2019-06-21T17:05:49+00:00\",\"dateModified\":\"2024-07-20T10:54:08+00:00\",\"description\":\"Please contact AMVF - Associa\u00e7\u00e3o Marqu\u00eas de Valle Fl\u00f4r for more information.\",\"breadcrumb\":{\"@id\":\"https:\/\/amvf.org\/en\/contact-amvf\/#breadcrumb\"},\"inLanguage\":\"en-US\",\"potentialAction\":[{\"@type\":\"ReadAction\",\"target\":[\"https:\/\/amvf.org\/en\/contact-amvf\/\"]}]},{\"@type\":\"ImageObject\",\"inLanguage\":\"en-US\",\"@id\":\"https:\/\/amvf.org\/en\/contact-amvf\/#primaryimage\",\"url\":\"https:\/\/amvf.org\/wp-content\/uploads\/2019\/06\/contactos-amvf.jpg\",\"contentUrl\":\"https:\/\/amvf.org\/wp-content\/uploads\/2019\/06\/contactos-amvf.jpg\",\"width\":1920,\"height\":500,\"caption\":\"Contact AMVF\"},{\"@type\":\"BreadcrumbList\",\"@id\":\"https:\/\/amvf.org\/en\/contact-amvf\/#breadcrumb\",\"itemListElement\":[{\"@type\":\"ListItem\",\"position\":1,\"name\":\"In\u00edcio\",\"item\":\"https:\/\/amvf.org\/en\/\"},{\"@type\":\"ListItem\",\"position\":2,\"name\":\"Contacts\"}]},{\"@type\":\"WebSite\",\"@id\":\"https:\/\/amvf.org\/#website\",\"url\":\"https:\/\/amvf.org\/\",\"name\":\"AMVF - Associa\u00e7\u00e3o Marqu\u00eas de Valle Fl\u00f4r\",\"description\":\"Sustainable Development Cooperation\",\"potentialAction\":[{\"@type\":\"SearchAction\",\"target\":{\"@type\":\"EntryPoint\",\"urlTemplate\":\"https:\/\/amvf.org\/?s={search_term_string}\"},\"query-input\":{\"@type\":\"PropertyValueSpecification\",\"valueRequired\":true,\"valueName\":\"search_term_string\"}}],\"inLanguage\":\"en-US\"}]}<\/script>\r\n<!-- \/ Yoast SEO plugin. -->","yoast_head_json":{"title":"Contact AMVF | Associa\u00e7\u00e3o Marqu\u00eas Valle Fl\u00f4r","description":"Please contact AMVF - Associa\u00e7\u00e3o Marqu\u00eas de Valle Fl\u00f4r for more information.","robots":{"index":"index","follow":"follow","max-snippet":"max-snippet:-1","max-image-preview":"max-image-preview:large","max-video-preview":"max-video-preview:-1"},"canonical":"https:\/\/amvf.org\/en\/contact-amvf\/","og_locale":"en_US","og_type":"article","og_title":"Contact AMVF | Associa\u00e7\u00e3o Marqu\u00eas Valle Fl\u00f4r","og_description":"Please contact AMVF - Associa\u00e7\u00e3o Marqu\u00eas de Valle Fl\u00f4r for more information.","og_url":"https:\/\/amvf.org\/en\/contact-amvf\/","og_site_name":"AMVF - Associa\u00e7\u00e3o Marqu\u00eas de Valle Fl\u00f4r","article_modified_time":"2024-07-20T10:54:08+00:00","og_image":[{"width":1920,"height":500,"url":"https:\/\/amvf.org\/wp-content\/uploads\/2019\/06\/contactos-amvf.jpg","type":"image\/jpeg"}],"twitter_card":"summary_large_image","twitter_misc":{"Est. reading time":"1 minute"},"schema":{"@context":"https:\/\/schema.org","@graph":[{"@type":"WebPage","@id":"https:\/\/amvf.org\/en\/contact-amvf\/","url":"https:\/\/amvf.org\/en\/contact-amvf\/","name":"Contact AMVF | Associa\u00e7\u00e3o Marqu\u00eas Valle Fl\u00f4r","isPartOf":{"@id":"https:\/\/amvf.org\/#website"},"primaryImageOfPage":{"@id":"https:\/\/amvf.org\/en\/contact-amvf\/#primaryimage"},"image":{"@id":"https:\/\/amvf.org\/en\/contact-amvf\/#primaryimage"},"thumbnailUrl":"https:\/\/amvf.org\/wp-content\/uploads\/2019\/06\/contactos-amvf.jpg","datePublished":"2019-06-21T17:05:49+00:00","dateModified":"2024-07-20T10:54:08+00:00","description":"Please contact AMVF - Associa\u00e7\u00e3o Marqu\u00eas de Valle Fl\u00f4r for more information.","breadcrumb":{"@id":"https:\/\/amvf.org\/en\/contact-amvf\/#breadcrumb"},"inLanguage":"en-US","potentialAction":[{"@type":"ReadAction","target":["https:\/\/amvf.org\/en\/contact-amvf\/"]}]},{"@type":"ImageObject","inLanguage":"en-US","@id":"https:\/\/amvf.org\/en\/contact-amvf\/#primaryimage","url":"https:\/\/amvf.org\/wp-content\/uploads\/2019\/06\/contactos-amvf.jpg","contentUrl":"https:\/\/amvf.org\/wp-content\/uploads\/2019\/06\/contactos-amvf.jpg","width":1920,"height":500,"caption":"Contact AMVF"},{"@type":"BreadcrumbList","@id":"https:\/\/amvf.org\/en\/contact-amvf\/#breadcrumb","itemListElement":[{"@type":"ListItem","position":1,"name":"In\u00edcio","item":"https:\/\/amvf.org\/en\/"},{"@type":"ListItem","position":2,"name":"Contacts"}]},{"@type":"WebSite","@id":"https:\/\/amvf.org\/#website","url":"https:\/\/amvf.org\/","name":"AMVF - Associa\u00e7\u00e3o Marqu\u00eas de Valle Fl\u00f4r","description":"Sustainable Development Cooperation","potentialAction":[{"@type":"SearchAction","target":{"@type":"EntryPoint","urlTemplate":"https:\/\/amvf.org\/?s={search_term_string}"},"query-input":{"@type":"PropertyValueSpecification","valueRequired":true,"valueName":"search_term_string"}}],"inLanguage":"en-US"}]}},"_links":{"self":[{"href":"https:\/\/amvf.org\/en\/wp-json\/wp\/v2\/pages\/93","targetHints":{"allow":["GET"]}}],"collection":[{"href":"https:\/\/amvf.org\/en\/wp-json\/wp\/v2\/pages"}],"about":[{"href":"https:\/\/amvf.org\/en\/wp-json\/wp\/v2\/types\/page"}],"author":[{"embeddable":true,"href":"https:\/\/amvf.org\/en\/wp-json\/wp\/v2\/users\/5"}],"replies":[{"embeddable":true,"href":"https:\/\/amvf.org\/en\/wp-json\/wp\/v2\/comments?post=93"}],"version-history":[{"count":3,"href":"https:\/\/amvf.org\/en\/wp-json\/wp\/v2\/pages\/93\/revisions"}],"predecessor-version":[{"id":879,"href":"https:\/\/amvf.org\/en\/wp-json\/wp\/v2\/pages\/93\/revisions\/879"}],"wp:featuredmedia":[{"embeddable":true,"href":"https:\/\/amvf.org\/en\/wp-json\/wp\/v2\/media\/109"}],"wp:attachment":[{"href":"https:\/\/amvf.org\/en\/wp-json\/wp\/v2\/media?parent=93"}],"curies":[{"name":"wp","href":"https:\/\/api.w.org\/{rel}","templated":true}]}}