{"id":94,"date":"2019-06-21T17:05:26","date_gmt":"2019-06-21T17:05:26","guid":{"rendered":"https:\/\/vflor.org\/amvf\/"},"modified":"2019-08-01T16:09:20","modified_gmt":"2019-08-01T16:09:20","slug":"humanitarian-aid-actions-and-citizenship-education","status":"publish","type":"page","link":"https:\/\/amvf.org\/en\/humanitarian-aid-actions-and-citizenship-education\/","title":{"rendered":"AMVF"},"content":{"rendered":"<div class=\"wpb-content-wrapper\"><p>[vc_row css_animation=&#8221;&#8221; row_type=&#8221;row&#8221; use_row_as_full_screen_section=&#8221;no&#8221; type=&#8221;full_width&#8221; angled_section=&#8221;no&#8221; text_align=&#8221;left&#8221; background_image_as_pattern=&#8221;without_pattern&#8221; css=&#8221;.vc_custom_1559494976953{padding-bottom: 5% !important;}&#8221; z_index=&#8221;&#8221;][vc_column width=&#8221;1\/6&#8243;][vc_column_text]<\/p>\n<h1>AMVF<\/h1>\n<p>[\/vc_column_text][\/vc_column][vc_column width=&#8221;5\/6&#8243;][vc_column_text]Associa\u00e7\u00e3o Marqu\u00eas de Valle Fl\u00f4r aims to carry out actions in development cooperation, global citizenship education and humanitarian aid. It focuses on capacity building, governance, human rights, gender issues and environment. AMVF also prepares and promotes studies in these areas.[\/vc_column_text][\/vc_column][\/vc_row]<\/p>\n<\/div>","protected":false},"excerpt":{"rendered":"<p>[vc_row css_animation=&#8221;&#8221; row_type=&#8221;row&#8221; use_row_as_full_screen_section=&#8221;no&#8221; type=&#8221;full_width&#8221; angled_section=&#8221;no&#8221; text_align=&#8221;left&#8221; background_image_as_pattern=&#8221;without_pattern&#8221; css=&#8221;.vc_custom_1559494976953{padding-bottom: 5% !important;}&#8221; z_index=&#8221;&#8221;][vc_column width=&#8221;1\/6&#8243;][vc_column_text] AMVF [\/vc_column_text][\/vc_column][vc_column width=&#8221;5\/6&#8243;][vc_column_text]Associa\u00e7\u00e3o Marqu\u00eas de Valle Fl\u00f4r aims to carry out actions in development cooperation, global citizenship education and humanitarian aid. It focuses on capacity building, governance, human rights, gender issues and&#8230;<\/p>\n","protected":false},"author":5,"featured_media":108,"parent":0,"menu_order":0,"comment_status":"closed","ping_status":"closed","template":"","meta":{"footnotes":""},"class_list":["post-94","page","type-page","status-publish","has-post-thumbnail","hentry"],"yoast_head":"<!-- This site is optimized with the Yoast SEO plugin v27.0 - https:\/\/yoast.com\/product\/yoast-seo-wordpress\/ -->\r\n<title>AMVF | Humanitarian aid actions and citizenship education<\/title>\r\n<meta name=\"description\" content=\"AMVF aims to carry out humanitarian aid actions, development cooperation and global citizenship education in developing countries.\" \/>\r\n<meta name=\"robots\" content=\"index, follow, max-snippet:-1, max-image-preview:large, max-video-preview:-1\" \/>\r\n<link rel=\"canonical\" href=\"https:\/\/amvf.org\/acao-humanitaria-e-educacao-para-a-cidadania\/\" \/>\r\n<meta property=\"og:locale\" content=\"en_US\" \/>\r\n<meta property=\"og:type\" content=\"article\" \/>\r\n<meta property=\"og:title\" content=\"AMVF | Humanitarian aid actions and citizenship education\" \/>\r\n<meta property=\"og:description\" content=\"AMVF aims to carry out humanitarian aid actions, development cooperation and global citizenship education in developing countries.\" \/>\r\n<meta property=\"og:url\" content=\"https:\/\/amvf.org\/acao-humanitaria-e-educacao-para-a-cidadania\/\" \/>\r\n<meta property=\"og:site_name\" content=\"AMVF - Associa\u00e7\u00e3o Marqu\u00eas de Valle Fl\u00f4r\" \/>\r\n<meta property=\"article:modified_time\" content=\"2019-08-01T16:09:20+00:00\" \/>\r\n<meta property=\"og:image\" content=\"https:\/\/amvf.org\/wp-content\/uploads\/2019\/06\/acoes-de-ajuda-humanit\u00e1ria-e-educacao-para-a-cidadania-amfv.jpg\" \/>\r\n\t<meta property=\"og:image:width\" content=\"1920\" \/>\r\n\t<meta property=\"og:image:height\" content=\"500\" \/>\r\n\t<meta property=\"og:image:type\" content=\"image\/jpeg\" \/>\r\n<meta name=\"twitter:card\" content=\"summary_large_image\" \/>\r\n<meta name=\"twitter:label1\" content=\"Est. reading time\" \/>\n\t<meta name=\"twitter:data1\" content=\"1 minute\" \/>\r\n<script type=\"application\/ld+json\" class=\"yoast-schema-graph\">{\"@context\":\"https:\/\/schema.org\",\"@graph\":[{\"@type\":\"WebPage\",\"@id\":\"https:\/\/amvf.org\/acao-humanitaria-e-educacao-para-a-cidadania\/\",\"url\":\"https:\/\/amvf.org\/acao-humanitaria-e-educacao-para-a-cidadania\/\",\"name\":\"AMVF | Humanitarian aid actions and citizenship education\",\"isPartOf\":{\"@id\":\"https:\/\/amvf.org\/#website\"},\"primaryImageOfPage\":{\"@id\":\"https:\/\/amvf.org\/acao-humanitaria-e-educacao-para-a-cidadania\/#primaryimage\"},\"image\":{\"@id\":\"https:\/\/amvf.org\/acao-humanitaria-e-educacao-para-a-cidadania\/#primaryimage\"},\"thumbnailUrl\":\"https:\/\/amvf.org\/wp-content\/uploads\/2019\/06\/acoes-de-ajuda-humanit\u00e1ria-e-educacao-para-a-cidadania-amfv.jpg\",\"datePublished\":\"2019-06-21T17:05:26+00:00\",\"dateModified\":\"2019-08-01T16:09:20+00:00\",\"description\":\"AMVF aims to carry out humanitarian aid actions, development cooperation and global citizenship education in developing countries.\",\"breadcrumb\":{\"@id\":\"https:\/\/amvf.org\/acao-humanitaria-e-educacao-para-a-cidadania\/#breadcrumb\"},\"inLanguage\":\"en-US\",\"potentialAction\":[{\"@type\":\"ReadAction\",\"target\":[\"https:\/\/amvf.org\/acao-humanitaria-e-educacao-para-a-cidadania\/\"]}]},{\"@type\":\"ImageObject\",\"inLanguage\":\"en-US\",\"@id\":\"https:\/\/amvf.org\/acao-humanitaria-e-educacao-para-a-cidadania\/#primaryimage\",\"url\":\"https:\/\/amvf.org\/wp-content\/uploads\/2019\/06\/acoes-de-ajuda-humanit\u00e1ria-e-educacao-para-a-cidadania-amfv.jpg\",\"contentUrl\":\"https:\/\/amvf.org\/wp-content\/uploads\/2019\/06\/acoes-de-ajuda-humanit\u00e1ria-e-educacao-para-a-cidadania-amfv.jpg\",\"width\":1920,\"height\":500,\"caption\":\"Humanitarian aid actions and citizenship education\"},{\"@type\":\"BreadcrumbList\",\"@id\":\"https:\/\/amvf.org\/acao-humanitaria-e-educacao-para-a-cidadania\/#breadcrumb\",\"itemListElement\":[{\"@type\":\"ListItem\",\"position\":1,\"name\":\"In\u00edcio\",\"item\":\"https:\/\/amvf.org\/en\/\"},{\"@type\":\"ListItem\",\"position\":2,\"name\":\"AMVF\"}]},{\"@type\":\"WebSite\",\"@id\":\"https:\/\/amvf.org\/#website\",\"url\":\"https:\/\/amvf.org\/\",\"name\":\"AMVF - Associa\u00e7\u00e3o Marqu\u00eas de Valle Fl\u00f4r\",\"description\":\"Sustainable Development Cooperation\",\"potentialAction\":[{\"@type\":\"SearchAction\",\"target\":{\"@type\":\"EntryPoint\",\"urlTemplate\":\"https:\/\/amvf.org\/?s={search_term_string}\"},\"query-input\":{\"@type\":\"PropertyValueSpecification\",\"valueRequired\":true,\"valueName\":\"search_term_string\"}}],\"inLanguage\":\"en-US\"}]}<\/script>\r\n<!-- \/ Yoast SEO plugin. -->","yoast_head_json":{"title":"AMVF | Humanitarian aid actions and citizenship education","description":"AMVF aims to carry out humanitarian aid actions, development cooperation and global citizenship education in developing countries.","robots":{"index":"index","follow":"follow","max-snippet":"max-snippet:-1","max-image-preview":"max-image-preview:large","max-video-preview":"max-video-preview:-1"},"canonical":"https:\/\/amvf.org\/acao-humanitaria-e-educacao-para-a-cidadania\/","og_locale":"en_US","og_type":"article","og_title":"AMVF | Humanitarian aid actions and citizenship education","og_description":"AMVF aims to carry out humanitarian aid actions, development cooperation and global citizenship education in developing countries.","og_url":"https:\/\/amvf.org\/acao-humanitaria-e-educacao-para-a-cidadania\/","og_site_name":"AMVF - Associa\u00e7\u00e3o Marqu\u00eas de Valle Fl\u00f4r","article_modified_time":"2019-08-01T16:09:20+00:00","og_image":[{"width":1920,"height":500,"url":"https:\/\/amvf.org\/wp-content\/uploads\/2019\/06\/acoes-de-ajuda-humanit\u00e1ria-e-educacao-para-a-cidadania-amfv.jpg","type":"image\/jpeg"}],"twitter_card":"summary_large_image","twitter_misc":{"Est. reading time":"1 minute"},"schema":{"@context":"https:\/\/schema.org","@graph":[{"@type":"WebPage","@id":"https:\/\/amvf.org\/acao-humanitaria-e-educacao-para-a-cidadania\/","url":"https:\/\/amvf.org\/acao-humanitaria-e-educacao-para-a-cidadania\/","name":"AMVF | Humanitarian aid actions and citizenship education","isPartOf":{"@id":"https:\/\/amvf.org\/#website"},"primaryImageOfPage":{"@id":"https:\/\/amvf.org\/acao-humanitaria-e-educacao-para-a-cidadania\/#primaryimage"},"image":{"@id":"https:\/\/amvf.org\/acao-humanitaria-e-educacao-para-a-cidadania\/#primaryimage"},"thumbnailUrl":"https:\/\/amvf.org\/wp-content\/uploads\/2019\/06\/acoes-de-ajuda-humanit\u00e1ria-e-educacao-para-a-cidadania-amfv.jpg","datePublished":"2019-06-21T17:05:26+00:00","dateModified":"2019-08-01T16:09:20+00:00","description":"AMVF aims to carry out humanitarian aid actions, development cooperation and global citizenship education in developing countries.","breadcrumb":{"@id":"https:\/\/amvf.org\/acao-humanitaria-e-educacao-para-a-cidadania\/#breadcrumb"},"inLanguage":"en-US","potentialAction":[{"@type":"ReadAction","target":["https:\/\/amvf.org\/acao-humanitaria-e-educacao-para-a-cidadania\/"]}]},{"@type":"ImageObject","inLanguage":"en-US","@id":"https:\/\/amvf.org\/acao-humanitaria-e-educacao-para-a-cidadania\/#primaryimage","url":"https:\/\/amvf.org\/wp-content\/uploads\/2019\/06\/acoes-de-ajuda-humanit\u00e1ria-e-educacao-para-a-cidadania-amfv.jpg","contentUrl":"https:\/\/amvf.org\/wp-content\/uploads\/2019\/06\/acoes-de-ajuda-humanit\u00e1ria-e-educacao-para-a-cidadania-amfv.jpg","width":1920,"height":500,"caption":"Humanitarian aid actions and citizenship education"},{"@type":"BreadcrumbList","@id":"https:\/\/amvf.org\/acao-humanitaria-e-educacao-para-a-cidadania\/#breadcrumb","itemListElement":[{"@type":"ListItem","position":1,"name":"In\u00edcio","item":"https:\/\/amvf.org\/en\/"},{"@type":"ListItem","position":2,"name":"AMVF"}]},{"@type":"WebSite","@id":"https:\/\/amvf.org\/#website","url":"https:\/\/amvf.org\/","name":"AMVF - Associa\u00e7\u00e3o Marqu\u00eas de Valle Fl\u00f4r","description":"Sustainable Development Cooperation","potentialAction":[{"@type":"SearchAction","target":{"@type":"EntryPoint","urlTemplate":"https:\/\/amvf.org\/?s={search_term_string}"},"query-input":{"@type":"PropertyValueSpecification","valueRequired":true,"valueName":"search_term_string"}}],"inLanguage":"en-US"}]}},"_links":{"self":[{"href":"https:\/\/amvf.org\/en\/wp-json\/wp\/v2\/pages\/94","targetHints":{"allow":["GET"]}}],"collection":[{"href":"https:\/\/amvf.org\/en\/wp-json\/wp\/v2\/pages"}],"about":[{"href":"https:\/\/amvf.org\/en\/wp-json\/wp\/v2\/types\/page"}],"author":[{"embeddable":true,"href":"https:\/\/amvf.org\/en\/wp-json\/wp\/v2\/users\/5"}],"replies":[{"embeddable":true,"href":"https:\/\/amvf.org\/en\/wp-json\/wp\/v2\/comments?post=94"}],"version-history":[{"count":4,"href":"https:\/\/amvf.org\/en\/wp-json\/wp\/v2\/pages\/94\/revisions"}],"predecessor-version":[{"id":231,"href":"https:\/\/amvf.org\/en\/wp-json\/wp\/v2\/pages\/94\/revisions\/231"}],"wp:featuredmedia":[{"embeddable":true,"href":"https:\/\/amvf.org\/en\/wp-json\/wp\/v2\/media\/108"}],"wp:attachment":[{"href":"https:\/\/amvf.org\/en\/wp-json\/wp\/v2\/media?parent=94"}],"curies":[{"name":"wp","href":"https:\/\/api.w.org\/{rel}","templated":true}]}}