{"id":96,"date":"2019-06-21T17:06:25","date_gmt":"2019-06-21T17:06:25","guid":{"rendered":"https:\/\/vflor.org\/projetos\/"},"modified":"2022-09-16T16:28:51","modified_gmt":"2022-09-16T16:28:51","slug":"development-cooperation-projects","status":"publish","type":"page","link":"https:\/\/amvf.org\/en\/development-cooperation-projects\/","title":{"rendered":"Projects"},"content":{"rendered":"<div class=\"wpb-content-wrapper\"><p>[vc_row css_animation=&#8221;&#8221; row_type=&#8221;row&#8221; use_row_as_full_screen_section=&#8221;no&#8221; type=&#8221;full_width&#8221; angled_section=&#8221;no&#8221; text_align=&#8221;left&#8221; background_image_as_pattern=&#8221;without_pattern&#8221; css=&#8221;.vc_custom_1561409176568{padding-bottom: 3% !important;}&#8221; z_index=&#8221;&#8221;][vc_column width=&#8221;1\/6&#8243;][vc_column_text]<\/p>\n<h1 style=\"text-transform: uppercase;\">Projects<\/h1>\n<p>[\/vc_column_text][\/vc_column][vc_column width=&#8221;5\/6&#8243;][vc_column_text]<\/p>\n<h3>We develop and manage projects on development cooperation, global citizenship education and humanitarian aid.<\/h3>\n<p>[\/vc_column_text][\/vc_column][\/vc_row][vc_row css_animation=&#8221;&#8221; row_type=&#8221;row&#8221; use_row_as_full_screen_section=&#8221;no&#8221; type=&#8221;full_width&#8221; angled_section=&#8221;no&#8221; text_align=&#8221;center&#8221; background_image_as_pattern=&#8221;without_pattern&#8221; z_index=&#8221;&#8221; css=&#8221;.vc_custom_1559600743193{padding-bottom: 10% !important;}&#8221;][vc_column width=&#8221;1\/6&#8243;][\/vc_column][vc_column width=&#8221;5\/12&#8243; css=&#8221;.vc_custom_1559600826437{margin-right: 2% !important;padding-right: 5% !important;padding-left: 5% !important;background-color: #e8e8e8 !important;}&#8221;]<div class=\"q_image_with_text_over q_iwto_hover\"><div class=\"shader\" style = \"background-color: rgba(10,10,10,0.01)\"><\/div><div class=\"shader_hover\" style=\"background-color: rgba(10,10,10,0.4)\"><\/div><img decoding=\"async\" itemprop=\"image\" src=\"https:\/\/amvf.org\/wp-content\/uploads\/2022\/05\/Thumbnail-Saude-para-Todos-Consolidacao.jpg\" alt=\"\" \/><div class=\"text\"><table><tr><td><h3 class=\"caption no_icon\" style=\"\"><\/h3><\/td><\/tr><\/table><table><tr><td><div class=\"desc\"><a href=\"https:\/\/vflor.org\/en\/development-cooperation-projects\/saude-para-todos-consolidacao-do-sistema-nacional-de-saude\/\" target=\"_blank\" rel=\"noopener\"><i class=\"fa fa-external-link\" aria-hidden=\"true\"><\/i>\u00a0<\/a><\/div><\/td><\/tr><\/table><\/div><\/div>[vc_empty_space height=&#8221;20px&#8221;][vc_column_text el_class=&#8221;h2&#8243;]<\/p>\n<h2 style=\"text-align: center;\">Health for All &#8211; Consolidation of Sao Tome and Principe National Health System<\/h2>\n<p>[\/vc_column_text][vc_empty_space height=&#8221;20px&#8221;][\/vc_column][vc_column width=&#8221;5\/12&#8243; css=&#8221;.vc_custom_1559600831985{margin-left: 2% !important;padding-right: 5% !important;padding-left: 5% !important;background-color: #e8e8e8 !important;}&#8221;]<div class=\"q_image_with_text_over q_iwto_hover\"><div class=\"shader\" style = \"background-color: rgba(10,10,10,0.01)\"><\/div><div class=\"shader_hover\" style=\"background-color: rgba(10,10,10,0.4)\"><\/div><img decoding=\"async\" itemprop=\"image\" src=\"https:\/\/amvf.org\/wp-content\/uploads\/2022\/05\/Thumbnail-reforco-meios-complementares-diagnostico-saude-para-todos-projecto-amfv.jpg\" alt=\"\" \/><div class=\"text\"><table><tr><td><h3 class=\"caption no_icon\" style=\"\"><\/h3><\/td><\/tr><\/table><table><tr><td><div class=\"desc\"><a href=\"https:\/\/vflor.org\/en\/development-cooperation-projects\/saude-para-todos-reforco-dos-meios-complementares-de-diagnostico\/\" target=\"_blank\" rel=\"noopener\"><i class=\"fa fa-external-link\" aria-hidden=\"true\"><\/i>\u00a0<\/a><\/div><\/td><\/tr><\/table><\/div><\/div>[vc_empty_space height=&#8221;20px&#8221;][vc_column_text el_class=&#8221;h2&#8243;]<\/p>\n<h2 style=\"text-align: center;\">Health for All &#8211; Strengthening complementary means of laboratory diagnosis in Sao Tome and Principe<\/h2>\n<p>[\/vc_column_text][vc_empty_space height=&#8221;20px&#8221;][\/vc_column][\/vc_row][vc_row css_animation=&#8221;&#8221; row_type=&#8221;row&#8221; use_row_as_full_screen_section=&#8221;no&#8221; type=&#8221;full_width&#8221; angled_section=&#8221;no&#8221; text_align=&#8221;center&#8221; background_image_as_pattern=&#8221;without_pattern&#8221; z_index=&#8221;&#8221; css=&#8221;.vc_custom_1559600743193{padding-bottom: 10% !important;}&#8221;][vc_column width=&#8221;1\/6&#8243;][\/vc_column][vc_column width=&#8221;5\/12&#8243; css=&#8221;.vc_custom_1559600826437{margin-right: 2% !important;padding-right: 5% !important;padding-left: 5% !important;background-color: #e8e8e8 !important;}&#8221;]<div class=\"q_image_with_text_over q_iwto_hover\"><div class=\"shader\" style = \"background-color: rgba(10,10,10,0.01)\"><\/div><div class=\"shader_hover\" style=\"background-color: rgba(10,10,10,0.4)\"><\/div><img decoding=\"async\" itemprop=\"image\" src=\"https:\/\/amvf.org\/wp-content\/uploads\/2022\/05\/Thumbnail-Ilhas-Encantamento.jpg\" alt=\"\" \/><div class=\"text\"><table><tr><td><h3 class=\"caption no_icon\" style=\"\"><\/h3><\/td><\/tr><\/table><table><tr><td><div class=\"desc\"><a href=\"https:\/\/vflor.org\/en\/development-cooperation-projects\/ilhas-e-encantamentos-reforco-do-setor-da-literatura-infantojuvenil\/\" target=\"_blank\" rel=\"noopener\"><i class=\"fa fa-external-link\" aria-hidden=\"true\"><\/i>\u00a0<\/a><\/div><\/td><\/tr><\/table><\/div><\/div>[vc_empty_space height=&#8221;20px&#8221;][vc_column_text el_class=&#8221;h2&#8243;]<\/p>\n<h2 style=\"text-align: center;\">\u201cIlhas E Encantamentos\u201d \u2013 Strengthening The Children And Young Adult Literature And Creative Cultural Employment<\/h2>\n<p>[\/vc_column_text][vc_empty_space height=&#8221;20px&#8221;][\/vc_column][vc_column width=&#8221;5\/12&#8243; css=&#8221;.vc_custom_1559600831985{margin-left: 2% !important;padding-right: 5% !important;padding-left: 5% !important;background-color: #e8e8e8 !important;}&#8221;]<div class=\"q_image_with_text_over q_iwto_hover\"><div class=\"shader\" style = \"background-color: rgba(10,10,10,0.01)\"><\/div><div class=\"shader_hover\" style=\"background-color: rgba(10,10,10,0.4)\"><\/div><img decoding=\"async\" itemprop=\"image\" src=\"https:\/\/amvf.org\/wp-content\/uploads\/2021\/03\/thumbnail-saude-para-todos-reforco-do-sistema-nacional-de-saude-de-sao-tome-e-principe-especialidades-e-telemedicina-amvf.jpg\" alt=\"\" \/><div class=\"text\"><table><tr><td><h3 class=\"caption no_icon\" style=\"\"><\/h3><\/td><\/tr><\/table><table><tr><td><div class=\"desc\"><a href=\"https:\/\/vflor.org\/en\/development-cooperation-projects\/saude-para-todos-reforco-do-sistema-nacional-de-saude-de-sao-tome-e-principe-especialidades-e-telemedicina\/\" target=\"_blank\" rel=\"noopener\"><i class=\"fa fa-external-link\" aria-hidden=\"true\"><\/i>\u00a0<\/a><\/div><\/td><\/tr><\/table><\/div><\/div>[vc_empty_space height=&#8221;20px&#8221;][vc_column_text el_class=&#8221;h2&#8243;]<\/p>\n<h2 style=\"text-align: center;\">Health for All<\/h2>\n<h2 style=\"text-align: center;\">Strengthening the National Health Service of Sao Tome and Principe (Specialities and Telemedicine)<\/h2>\n<p>[\/vc_column_text][vc_empty_space height=&#8221;20px&#8221;][\/vc_column][\/vc_row][vc_row css_animation=&#8221;&#8221; row_type=&#8221;row&#8221; use_row_as_full_screen_section=&#8221;no&#8221; type=&#8221;full_width&#8221; angled_section=&#8221;no&#8221; text_align=&#8221;center&#8221; background_image_as_pattern=&#8221;without_pattern&#8221; z_index=&#8221;&#8221; css=&#8221;.vc_custom_1559600743193{padding-bottom: 10% !important;}&#8221;][vc_column width=&#8221;1\/6&#8243;][\/vc_column][vc_column width=&#8221;5\/12&#8243; css=&#8221;.vc_custom_1559600826437{margin-right: 2% !important;padding-right: 5% !important;padding-left: 5% !important;background-color: #e8e8e8 !important;}&#8221;]<div class=\"q_image_with_text_over q_iwto_hover\"><div class=\"shader\" style = \"background-color: rgba(10,10,10,0.01)\"><\/div><div class=\"shader_hover\" style=\"background-color: rgba(10,10,10,0.4)\"><\/div><img decoding=\"async\" itemprop=\"image\" src=\"https:\/\/amvf.org\/wp-content\/uploads\/2022\/05\/thumbnail-paise-projecto-amfv2.jpg\" alt=\"\" \/><div class=\"text\"><table><tr><td><h3 class=\"caption no_icon\" style=\"\"><\/h3><\/td><\/tr><\/table><table><tr><td><div class=\"desc\"><a href=\"https:\/\/vflor.org\/en\/development-cooperation-projects\/paise-stp\/\" target=\"_blank\" rel=\"noopener\"><i class=\"fa fa-external-link\" aria-hidden=\"true\"><\/i>\u00a0<\/a><\/div><\/td><\/tr><\/table><\/div><\/div>[vc_empty_space height=&#8221;20px&#8221;][vc_column_text el_class=&#8221;h2&#8243;]<\/p>\n<h2 style=\"text-align: center;\">Sao Tome and Principe&#8217;s Education Sector Integrated Support Programme (PAISE-STP)<\/h2>\n<p>[\/vc_column_text][vc_empty_space height=&#8221;20px&#8221;][\/vc_column][vc_column width=&#8221;5\/12&#8243; css=&#8221;.vc_custom_1559600831985{margin-left: 2% !important;padding-right: 5% !important;padding-left: 5% !important;background-color: #e8e8e8 !important;}&#8221;]<div class=\"q_image_with_text_over q_iwto_hover\"><div class=\"shader\" style = \"background-color: rgba(10,10,10,0.01)\"><\/div><div class=\"shader_hover\" style=\"background-color: rgba(10,10,10,0.4)\"><\/div><img decoding=\"async\" itemprop=\"image\" src=\"https:\/\/amvf.org\/wp-content\/uploads\/2019\/06\/thumbnail-saude-saude-para-todos-projecto-amfv.jpg\" alt=\"\" \/><div class=\"text\"><table><tr><td><h3 class=\"caption no_icon\" style=\"\"><\/h3><\/td><\/tr><\/table><table><tr><td><div class=\"desc\"><a href=\"https:\/\/vflor.org\/en\/development-cooperation-projects\/health-for-all\/\" target=\"_blank\" rel=\"noopener\"><i class=\"fa fa-external-link\" aria-hidden=\"true\"><\/i>\u00a0<\/a><\/div><\/td><\/tr><\/table><\/div><\/div>[vc_empty_space height=&#8221;20px&#8221;][vc_column_text el_class=&#8221;h2&#8243;]<\/p>\n<h2 style=\"text-align: center;\">Health for All \u2013 Towards Sustainability<\/h2>\n<p>[\/vc_column_text][vc_empty_space height=&#8221;20px&#8221;][\/vc_column][\/vc_row][vc_row css_animation=&#8221;&#8221; row_type=&#8221;row&#8221; use_row_as_full_screen_section=&#8221;no&#8221; type=&#8221;full_width&#8221; angled_section=&#8221;no&#8221; text_align=&#8221;center&#8221; background_image_as_pattern=&#8221;without_pattern&#8221; z_index=&#8221;&#8221; css=&#8221;.vc_custom_1661253882174{padding-bottom: 10% !important;}&#8221;][vc_column width=&#8221;1\/6&#8243;][\/vc_column][vc_column width=&#8221;5\/12&#8243; css=&#8221;.vc_custom_1559600826437{margin-right: 2% !important;padding-right: 5% !important;padding-left: 5% !important;background-color: #e8e8e8 !important;}&#8221;]<div class=\"q_image_with_text_over q_iwto_hover\"><div class=\"shader\" style = \"background-color: rgba(10,10,10,0.01)\"><\/div><div class=\"shader_hover\" style=\"background-color: rgba(10,10,10,0.4)\"><\/div><img decoding=\"async\" itemprop=\"image\" src=\"https:\/\/amvf.org\/wp-content\/uploads\/2019\/06\/thumbnail-lecionacao-projecto-amfv.jpg\" alt=\"\" \/><div class=\"text\"><table><tr><td><h3 class=\"caption no_icon\" style=\"\"><\/h3><\/td><\/tr><\/table><table><tr><td><div class=\"desc\"><a href=\"https:\/\/vflor.org\/en\/development-cooperation-projects\/support-the-portuguese-language-and-mathematics\/\" target=\"_blank\" rel=\"noopener\"><i class=\"fa fa-external-link\" aria-hidden=\"true\"><\/i>\u00a0<\/a><\/div><\/td><\/tr><\/table><\/div><\/div>[vc_empty_space height=&#8221;20px&#8221;][vc_column_text el_class=&#8221;h2&#8243;]<\/p>\n<h2 style=\"text-align: center;\">Support the Portuguese language and Mathematics teaching in the Autonomous Region of Principe<\/h2>\n<p>[\/vc_column_text][vc_empty_space height=&#8221;20px&#8221;][\/vc_column][\/vc_row][vc_row css_animation=&#8221;&#8221; row_type=&#8221;row&#8221; use_row_as_full_screen_section=&#8221;no&#8221; type=&#8221;full_width&#8221; angled_section=&#8221;no&#8221; text_align=&#8221;center&#8221; background_image_as_pattern=&#8221;without_pattern&#8221; z_index=&#8221;&#8221; css=&#8221;.vc_custom_1559600743193{padding-bottom: 10% !important;}&#8221;][vc_column width=&#8221;1\/6&#8243;][\/vc_column][\/vc_row][vc_row css_animation=&#8221;&#8221; row_type=&#8221;row&#8221; use_row_as_full_screen_section=&#8221;no&#8221; type=&#8221;full_width&#8221; angled_section=&#8221;no&#8221; text_align=&#8221;center&#8221; background_image_as_pattern=&#8221;without_pattern&#8221; z_index=&#8221;&#8221; css=&#8221;.vc_custom_1559600743193{padding-bottom: 10% !important;}&#8221;][vc_column width=&#8221;1\/6&#8243;][\/vc_column][\/vc_row][vc_row css_animation=&#8221;&#8221; row_type=&#8221;row&#8221; use_row_as_full_screen_section=&#8221;no&#8221; type=&#8221;full_width&#8221; angled_section=&#8221;no&#8221; text_align=&#8221;center&#8221; background_image_as_pattern=&#8221;without_pattern&#8221; z_index=&#8221;&#8221; css=&#8221;.vc_custom_1559600743193{padding-bottom: 10% !important;}&#8221;][vc_column width=&#8221;1\/6&#8243;][\/vc_column][\/vc_row][vc_row css_animation=&#8221;&#8221; row_type=&#8221;row&#8221; use_row_as_full_screen_section=&#8221;no&#8221; type=&#8221;full_width&#8221; angled_section=&#8221;no&#8221; text_align=&#8221;center&#8221; background_image_as_pattern=&#8221;without_pattern&#8221; z_index=&#8221;&#8221; css=&#8221;.vc_custom_1559600743193{padding-bottom: 10% !important;}&#8221;][vc_column width=&#8221;1\/6&#8243;][\/vc_column][\/vc_row][vc_row css_animation=&#8221;&#8221; row_type=&#8221;row&#8221; use_row_as_full_screen_section=&#8221;no&#8221; type=&#8221;full_width&#8221; angled_section=&#8221;no&#8221; text_align=&#8221;center&#8221; background_image_as_pattern=&#8221;without_pattern&#8221; z_index=&#8221;&#8221; css=&#8221;.vc_custom_1559600743193{padding-bottom: 10% !important;}&#8221;][vc_column width=&#8221;1\/6&#8243;][\/vc_column][\/vc_row][vc_row css_animation=&#8221;&#8221; row_type=&#8221;row&#8221; use_row_as_full_screen_section=&#8221;no&#8221; type=&#8221;full_width&#8221; angled_section=&#8221;no&#8221; text_align=&#8221;center&#8221; background_image_as_pattern=&#8221;without_pattern&#8221; z_index=&#8221;&#8221; css=&#8221;.vc_custom_1559600743193{padding-bottom: 10% !important;}&#8221;][vc_column width=&#8221;1\/6&#8243;][\/vc_column][\/vc_row][vc_row css_animation=&#8221;&#8221; row_type=&#8221;row&#8221; use_row_as_full_screen_section=&#8221;no&#8221; type=&#8221;full_width&#8221; angled_section=&#8221;no&#8221; text_align=&#8221;center&#8221; background_image_as_pattern=&#8221;without_pattern&#8221; z_index=&#8221;&#8221; css=&#8221;.vc_custom_1559600743193{padding-bottom: 10% !important;}&#8221;][vc_column width=&#8221;1\/6&#8243;][\/vc_column][\/vc_row]<\/p>\n<\/div>","protected":false},"excerpt":{"rendered":"<p>[vc_row css_animation=&#8221;&#8221; row_type=&#8221;row&#8221; use_row_as_full_screen_section=&#8221;no&#8221; type=&#8221;full_width&#8221; angled_section=&#8221;no&#8221; text_align=&#8221;left&#8221; background_image_as_pattern=&#8221;without_pattern&#8221; css=&#8221;.vc_custom_1561409176568{padding-bottom: 3% !important;}&#8221; z_index=&#8221;&#8221;][vc_column width=&#8221;1\/6&#8243;][vc_column_text] Projects [\/vc_column_text][\/vc_column][vc_column width=&#8221;5\/6&#8243;][vc_column_text] We develop and manage projects on development cooperation, global citizenship education and humanitarian aid. [\/vc_column_text][\/vc_column][\/vc_row][vc_row css_animation=&#8221;&#8221; row_type=&#8221;row&#8221; use_row_as_full_screen_section=&#8221;no&#8221; type=&#8221;full_width&#8221; angled_section=&#8221;no&#8221; text_align=&#8221;center&#8221; background_image_as_pattern=&#8221;without_pattern&#8221; z_index=&#8221;&#8221; css=&#8221;.vc_custom_1559600743193{padding-bottom: 10% !important;}&#8221;][vc_column width=&#8221;1\/6&#8243;][\/vc_column][vc_column width=&#8221;5\/12&#8243; css=&#8221;.vc_custom_1559600826437{margin-right:&#8230;<\/p>\n","protected":false},"author":5,"featured_media":97,"parent":0,"menu_order":0,"comment_status":"closed","ping_status":"closed","template":"","meta":{"footnotes":""},"class_list":["post-96","page","type-page","status-publish","has-post-thumbnail","hentry"],"yoast_head":"<!-- This site is optimized with the Yoast SEO plugin v27.0 - https:\/\/yoast.com\/product\/yoast-seo-wordpress\/ -->\r\n<title>Development Cooperation Projects | AMVF<\/title>\r\n<meta name=\"description\" content=\"AMVF - Associa\u00e7\u00e3o Marqu\u00eas de Valle Fl\u00f4r designs and implements development cooperation projects and global citizenship projects in partership.\" \/>\r\n<meta name=\"robots\" content=\"index, follow, max-snippet:-1, max-image-preview:large, max-video-preview:-1\" \/>\r\n<link rel=\"canonical\" href=\"https:\/\/amvf.org\/en\/development-cooperation-projects\/\" \/>\r\n<meta property=\"og:locale\" content=\"en_US\" \/>\r\n<meta property=\"og:type\" content=\"article\" \/>\r\n<meta property=\"og:title\" content=\"Development Cooperation Projects | AMVF\" \/>\r\n<meta property=\"og:description\" content=\"AMVF - Associa\u00e7\u00e3o Marqu\u00eas de Valle Fl\u00f4r designs and implements development cooperation projects and global citizenship projects in partership.\" \/>\r\n<meta property=\"og:url\" content=\"https:\/\/amvf.org\/en\/development-cooperation-projects\/\" \/>\r\n<meta property=\"og:site_name\" content=\"AMVF - Associa\u00e7\u00e3o Marqu\u00eas de Valle Fl\u00f4r\" \/>\r\n<meta property=\"article:modified_time\" content=\"2022-09-16T16:28:51+00:00\" \/>\r\n<meta property=\"og:image\" content=\"https:\/\/amvf.org\/wp-content\/uploads\/2019\/06\/projetos-cooperacao-para-o-desenvolvimento-amvf.jpg\" \/>\r\n\t<meta property=\"og:image:width\" content=\"1920\" \/>\r\n\t<meta property=\"og:image:height\" content=\"500\" \/>\r\n\t<meta property=\"og:image:type\" content=\"image\/jpeg\" \/>\r\n<meta name=\"twitter:card\" content=\"summary_large_image\" \/>\r\n<meta name=\"twitter:label1\" content=\"Est. reading time\" \/>\n\t<meta name=\"twitter:data1\" content=\"3 minutes\" \/>\r\n<script type=\"application\/ld+json\" class=\"yoast-schema-graph\">{\"@context\":\"https:\/\/schema.org\",\"@graph\":[{\"@type\":\"WebPage\",\"@id\":\"https:\/\/amvf.org\/en\/development-cooperation-projects\/\",\"url\":\"https:\/\/amvf.org\/en\/development-cooperation-projects\/\",\"name\":\"Development Cooperation Projects | AMVF\",\"isPartOf\":{\"@id\":\"https:\/\/amvf.org\/#website\"},\"primaryImageOfPage\":{\"@id\":\"https:\/\/amvf.org\/en\/development-cooperation-projects\/#primaryimage\"},\"image\":{\"@id\":\"https:\/\/amvf.org\/en\/development-cooperation-projects\/#primaryimage\"},\"thumbnailUrl\":\"https:\/\/amvf.org\/wp-content\/uploads\/2019\/06\/projetos-cooperacao-para-o-desenvolvimento-amvf.jpg\",\"datePublished\":\"2019-06-21T17:06:25+00:00\",\"dateModified\":\"2022-09-16T16:28:51+00:00\",\"description\":\"AMVF - Associa\u00e7\u00e3o Marqu\u00eas de Valle Fl\u00f4r designs and implements development cooperation projects and global citizenship projects in partership.\",\"breadcrumb\":{\"@id\":\"https:\/\/amvf.org\/en\/development-cooperation-projects\/#breadcrumb\"},\"inLanguage\":\"en-US\",\"potentialAction\":[{\"@type\":\"ReadAction\",\"target\":[\"https:\/\/amvf.org\/en\/development-cooperation-projects\/\"]}]},{\"@type\":\"ImageObject\",\"inLanguage\":\"en-US\",\"@id\":\"https:\/\/amvf.org\/en\/development-cooperation-projects\/#primaryimage\",\"url\":\"https:\/\/amvf.org\/wp-content\/uploads\/2019\/06\/projetos-cooperacao-para-o-desenvolvimento-amvf.jpg\",\"contentUrl\":\"https:\/\/amvf.org\/wp-content\/uploads\/2019\/06\/projetos-cooperacao-para-o-desenvolvimento-amvf.jpg\",\"width\":1920,\"height\":500,\"caption\":\"Development Cooperation Projects\"},{\"@type\":\"BreadcrumbList\",\"@id\":\"https:\/\/amvf.org\/en\/development-cooperation-projects\/#breadcrumb\",\"itemListElement\":[{\"@type\":\"ListItem\",\"position\":1,\"name\":\"In\u00edcio\",\"item\":\"https:\/\/amvf.org\/en\/\"},{\"@type\":\"ListItem\",\"position\":2,\"name\":\"Projects\"}]},{\"@type\":\"WebSite\",\"@id\":\"https:\/\/amvf.org\/#website\",\"url\":\"https:\/\/amvf.org\/\",\"name\":\"AMVF - Associa\u00e7\u00e3o Marqu\u00eas de Valle Fl\u00f4r\",\"description\":\"Sustainable Development Cooperation\",\"potentialAction\":[{\"@type\":\"SearchAction\",\"target\":{\"@type\":\"EntryPoint\",\"urlTemplate\":\"https:\/\/amvf.org\/?s={search_term_string}\"},\"query-input\":{\"@type\":\"PropertyValueSpecification\",\"valueRequired\":true,\"valueName\":\"search_term_string\"}}],\"inLanguage\":\"en-US\"}]}<\/script>\r\n<!-- \/ Yoast SEO plugin. -->","yoast_head_json":{"title":"Development Cooperation Projects | AMVF","description":"AMVF - Associa\u00e7\u00e3o Marqu\u00eas de Valle Fl\u00f4r designs and implements development cooperation projects and global citizenship projects in partership.","robots":{"index":"index","follow":"follow","max-snippet":"max-snippet:-1","max-image-preview":"max-image-preview:large","max-video-preview":"max-video-preview:-1"},"canonical":"https:\/\/amvf.org\/en\/development-cooperation-projects\/","og_locale":"en_US","og_type":"article","og_title":"Development Cooperation Projects | AMVF","og_description":"AMVF - Associa\u00e7\u00e3o Marqu\u00eas de Valle Fl\u00f4r designs and implements development cooperation projects and global citizenship projects in partership.","og_url":"https:\/\/amvf.org\/en\/development-cooperation-projects\/","og_site_name":"AMVF - Associa\u00e7\u00e3o Marqu\u00eas de Valle Fl\u00f4r","article_modified_time":"2022-09-16T16:28:51+00:00","og_image":[{"width":1920,"height":500,"url":"https:\/\/amvf.org\/wp-content\/uploads\/2019\/06\/projetos-cooperacao-para-o-desenvolvimento-amvf.jpg","type":"image\/jpeg"}],"twitter_card":"summary_large_image","twitter_misc":{"Est. reading time":"3 minutes"},"schema":{"@context":"https:\/\/schema.org","@graph":[{"@type":"WebPage","@id":"https:\/\/amvf.org\/en\/development-cooperation-projects\/","url":"https:\/\/amvf.org\/en\/development-cooperation-projects\/","name":"Development Cooperation Projects | AMVF","isPartOf":{"@id":"https:\/\/amvf.org\/#website"},"primaryImageOfPage":{"@id":"https:\/\/amvf.org\/en\/development-cooperation-projects\/#primaryimage"},"image":{"@id":"https:\/\/amvf.org\/en\/development-cooperation-projects\/#primaryimage"},"thumbnailUrl":"https:\/\/amvf.org\/wp-content\/uploads\/2019\/06\/projetos-cooperacao-para-o-desenvolvimento-amvf.jpg","datePublished":"2019-06-21T17:06:25+00:00","dateModified":"2022-09-16T16:28:51+00:00","description":"AMVF - Associa\u00e7\u00e3o Marqu\u00eas de Valle Fl\u00f4r designs and implements development cooperation projects and global citizenship projects in partership.","breadcrumb":{"@id":"https:\/\/amvf.org\/en\/development-cooperation-projects\/#breadcrumb"},"inLanguage":"en-US","potentialAction":[{"@type":"ReadAction","target":["https:\/\/amvf.org\/en\/development-cooperation-projects\/"]}]},{"@type":"ImageObject","inLanguage":"en-US","@id":"https:\/\/amvf.org\/en\/development-cooperation-projects\/#primaryimage","url":"https:\/\/amvf.org\/wp-content\/uploads\/2019\/06\/projetos-cooperacao-para-o-desenvolvimento-amvf.jpg","contentUrl":"https:\/\/amvf.org\/wp-content\/uploads\/2019\/06\/projetos-cooperacao-para-o-desenvolvimento-amvf.jpg","width":1920,"height":500,"caption":"Development Cooperation Projects"},{"@type":"BreadcrumbList","@id":"https:\/\/amvf.org\/en\/development-cooperation-projects\/#breadcrumb","itemListElement":[{"@type":"ListItem","position":1,"name":"In\u00edcio","item":"https:\/\/amvf.org\/en\/"},{"@type":"ListItem","position":2,"name":"Projects"}]},{"@type":"WebSite","@id":"https:\/\/amvf.org\/#website","url":"https:\/\/amvf.org\/","name":"AMVF - Associa\u00e7\u00e3o Marqu\u00eas de Valle Fl\u00f4r","description":"Sustainable Development Cooperation","potentialAction":[{"@type":"SearchAction","target":{"@type":"EntryPoint","urlTemplate":"https:\/\/amvf.org\/?s={search_term_string}"},"query-input":{"@type":"PropertyValueSpecification","valueRequired":true,"valueName":"search_term_string"}}],"inLanguage":"en-US"}]}},"_links":{"self":[{"href":"https:\/\/amvf.org\/en\/wp-json\/wp\/v2\/pages\/96","targetHints":{"allow":["GET"]}}],"collection":[{"href":"https:\/\/amvf.org\/en\/wp-json\/wp\/v2\/pages"}],"about":[{"href":"https:\/\/amvf.org\/en\/wp-json\/wp\/v2\/types\/page"}],"author":[{"embeddable":true,"href":"https:\/\/amvf.org\/en\/wp-json\/wp\/v2\/users\/5"}],"replies":[{"embeddable":true,"href":"https:\/\/amvf.org\/en\/wp-json\/wp\/v2\/comments?post=96"}],"version-history":[{"count":58,"href":"https:\/\/amvf.org\/en\/wp-json\/wp\/v2\/pages\/96\/revisions"}],"predecessor-version":[{"id":732,"href":"https:\/\/amvf.org\/en\/wp-json\/wp\/v2\/pages\/96\/revisions\/732"}],"wp:featuredmedia":[{"embeddable":true,"href":"https:\/\/amvf.org\/en\/wp-json\/wp\/v2\/media\/97"}],"wp:attachment":[{"href":"https:\/\/amvf.org\/en\/wp-json\/wp\/v2\/media?parent=96"}],"curies":[{"name":"wp","href":"https:\/\/api.w.org\/{rel}","templated":true}]}}